{"id":553,"date":"2021-06-23T15:03:07","date_gmt":"2021-06-23T13:03:07","guid":{"rendered":"http:\/\/alchimies.eu\/?page_id=553"},"modified":"2024-06-12T12:20:28","modified_gmt":"2024-06-12T10:20:28","slug":"e-tac","status":"publish","type":"page","link":"http:\/\/alchimies.eu\/en\/open-edge-old\/e-tac\/","title":{"rendered":"e-Tac"},"content":{"rendered":"<div data-colibri-id=\"553-c1\" class=\"style-1362 style-local-553-c1 position-relative\">\n  <!---->\n  <div data-colibri-component=\"section\" data-colibri-id=\"553-c2\" id=\"reusable-sections\" class=\"h-section h-section-global-spacing d-flex align-items-lg-center align-items-md-center align-items-center style-1890 style-local-553-c2 position-relative\">\n    <!---->\n    <!---->\n    <div class=\"h-section-grid-container h-section-boxed-container\">\n      <!---->\n      <div data-colibri-id=\"553-c3\" class=\"h-row-container gutters-row-lg-0 gutters-row-md-0 gutters-row-0 gutters-row-v-lg-0 gutters-row-v-md-0 gutters-row-v-0 style-1891 style-local-553-c3 position-relative\">\n        <!---->\n        <div class=\"h-row justify-content-lg-center justify-content-md-center justify-content-center align-items-lg-stretch align-items-md-stretch align-items-stretch gutters-col-lg-0 gutters-col-md-0 gutters-col-0 gutters-col-v-lg-0 gutters-col-v-md-0 gutters-col-v-0\">\n          <!---->\n          <div class=\"h-column h-column-container d-flex h-col-lg-12 h-col-md-12 h-col-12 style-1892-outer style-local-553-c4-outer\">\n            <div data-colibri-id=\"553-c4\" class=\"d-flex h-flex-basis h-column__inner h-px-lg-0 h-px-md-0 h-px-0 v-inner-lg-0 v-inner-md-0 v-inner-0 style-1892 style-local-553-c4 position-relative\">\n              <!---->\n              <!---->\n              <div class=\"w-100 h-y-container h-column__content h-column__v-align flex-basis-100 align-self-lg-start align-self-md-start align-self-start\">\n                <!---->\n                <div data-colibri-id=\"553-c5\" class=\"d-block style-1893 style-local-553-c5 position-relative h-element\">\n                  <!---->\n                  <div class=\"h-image__frame-container-outer\">\n                    <div class=\"h-image__frame-container\">\n                      <!---->\n                      <!---->\n                      <img loading=\"lazy\" decoding=\"async\" width=\"1080\" height=\"400\" src=\"http:\/\/alchimies.eu\/wp-content\/uploads\/2021\/06\/OpenEdge.png\" class=\"wp-image-866 style-1893-image style-local-553-c5-image\" alt=\"\" srcset=\"https:\/\/alchimies.eu\/wp-content\/uploads\/2021\/06\/OpenEdge.png 1080w, https:\/\/alchimies.eu\/wp-content\/uploads\/2021\/06\/OpenEdge-300x111.png 300w, https:\/\/alchimies.eu\/wp-content\/uploads\/2021\/06\/OpenEdge-1024x379.png 1024w, https:\/\/alchimies.eu\/wp-content\/uploads\/2021\/06\/OpenEdge-768x284.png 768w\" sizes=\"auto, (max-width: 1080px) 100vw, 1080px\" \/>\n                      <div class=\"h-image__frame h-hide-lg h-hide-md h-hide-sm style-1893-frameImage style-local-553-c5-frameImage\"><\/div>\n                    <\/div>\n                  <\/div>\n                <\/div>\n              <\/div>\n            <\/div>\n          <\/div>\n        <\/div>\n      <\/div>\n    <\/div>\n  <\/div>\n  <div data-colibri-component=\"section\" data-colibri-id=\"553-c10\" id=\"about-2\" class=\"h-section h-section-global-spacing d-flex align-items-lg-center align-items-md-center align-items-center style-1375 style-local-553-c10 position-relative\">\n    <!---->\n    <!---->\n    <div class=\"h-section-grid-container h-section-boxed-container\">\n      <!---->\n      <div data-colibri-id=\"553-c11\" class=\"h-row-container gutters-row-lg-0 gutters-row-md-0 gutters-row-2 gutters-row-v-lg-0 gutters-row-v-md-0 gutters-row-v-2 style-1376 style-local-553-c11 position-relative\">\n        <!---->\n        <div class=\"h-row justify-content-lg-center justify-content-md-center justify-content-center align-items-lg-stretch align-items-md-stretch align-items-stretch gutters-col-lg-0 gutters-col-md-0 gutters-col-2 gutters-col-v-lg-0 gutters-col-v-md-0 gutters-col-v-2\">\n          <!---->\n          <div class=\"h-column h-column-container d-flex h-col-lg-auto h-col-md-auto h-col-auto style-1377-outer style-local-553-c12-outer\">\n            <div data-colibri-id=\"553-c12\" class=\"d-flex h-flex-basis h-column__inner h-px-lg-0 h-px-md-0 h-px-0 v-inner-lg-0 v-inner-md-0 v-inner-0 style-1377 style-local-553-c12 position-relative\">\n              <!---->\n              <!---->\n              <div class=\"w-100 h-y-container h-column__content h-column__v-align flex-basis-100 align-self-lg-center align-self-md-center align-self-center\">\n                <!---->\n                <div data-colibri-id=\"553-c13\" class=\"h-multiple-image style-1378 style-local-553-c13 position-relative h-element\">\n                  <!---->\n                  <div class=\"position-relative\">\n                    <div class=\"h-multiple-image-inside-container\">\n                      <div class=\"ratio-inner\">\n                        <div data-colibri-id=\"553-c14\" class=\"d-block style-1379 style-local-553-c14 position-relative h-element\">\n                          <!---->\n                          <div class=\"h-image__frame-container-outer\">\n                            <div class=\"h-image__frame-container\">\n                              <!---->\n                              <!---->\n                              <img loading=\"lazy\" decoding=\"async\" width=\"590\" height=\"161\" src=\"http:\/\/alchimies.eu\/wp-content\/uploads\/2021\/06\/poster_teaser-final-1.jpg\" class=\"style-1378-images style-local-553-c13-images wp-image-557 style-1379-image style-local-553-c14-image\" alt=\"\" srcset=\"https:\/\/alchimies.eu\/wp-content\/uploads\/2021\/06\/poster_teaser-final-1.jpg 590w, https:\/\/alchimies.eu\/wp-content\/uploads\/2021\/06\/poster_teaser-final-1-300x82.jpg 300w\" sizes=\"auto, (max-width: 590px) 100vw, 590px\" \/>\n                              <div class=\"h-image__frame h-hide-lg h-hide-md h-hide-sm style-1379-frameImage style-local-553-c14-frameImage\"><\/div>\n                            <\/div>\n                          <\/div>\n                        <\/div>\n                        <div data-colibri-id=\"553-c15\" class=\"d-block style-1380 style-local-553-c15 position-relative h-element\">\n                          <!---->\n                          <div class=\"h-image__frame-container-outer\">\n                            <div class=\"h-image__frame-container\">\n                              <!---->\n                              <!---->\n                              <img loading=\"lazy\" decoding=\"async\" width=\"1323\" height=\"1536\" src=\"http:\/\/alchimies.eu\/wp-content\/uploads\/2021\/06\/cropped-E31ViFYWYAEaeF3.jpg\" class=\"style-1378-images style-local-553-c13-images wp-image-560 style-1380-image style-local-553-c15-image\" alt=\"\" srcset=\"https:\/\/alchimies.eu\/wp-content\/uploads\/2021\/06\/cropped-E31ViFYWYAEaeF3.jpg 1323w, https:\/\/alchimies.eu\/wp-content\/uploads\/2021\/06\/cropped-E31ViFYWYAEaeF3-258x300.jpg 258w, https:\/\/alchimies.eu\/wp-content\/uploads\/2021\/06\/cropped-E31ViFYWYAEaeF3-882x1024.jpg 882w, https:\/\/alchimies.eu\/wp-content\/uploads\/2021\/06\/cropped-E31ViFYWYAEaeF3-768x892.jpg 768w\" sizes=\"auto, (max-width: 1323px) 100vw, 1323px\" \/>\n                              <div class=\"h-image__frame h-hide-lg h-hide-md h-hide-sm style-1380-frameImage style-local-553-c15-frameImage\"><\/div>\n                            <\/div>\n                          <\/div>\n                        <\/div>\n                      <\/div>\n                    <\/div>\n                  <\/div>\n                <\/div>\n              <\/div>\n            <\/div>\n          <\/div>\n          <div class=\"h-column h-column-container d-flex h-col-lg-auto h-col-md-auto h-col-auto style-1381-outer style-local-553-c16-outer\">\n            <div data-colibri-id=\"553-c16\" class=\"d-flex h-flex-basis h-column__inner h-px-lg-3 h-px-md-3 h-px-3 v-inner-lg-3 v-inner-md-3 v-inner-3 style-1381 style-local-553-c16 position-relative\">\n              <!---->\n              <!---->\n              <div class=\"w-100 h-y-container h-column__content h-column__v-align flex-basis-100 align-self-lg-center align-self-md-center align-self-center\">\n                <!---->\n                <div data-colibri-id=\"553-c17\" class=\"h-global-transition-all h-heading style-1382 style-local-553-c17 position-relative h-element\">\n                  <!---->\n                  <div class=\"h-heading__outer style-1382 style-local-553-c17\">\n                    <!---->\n                    <!---->\n                    <h2 class=\"\">Promouvoir l\u2019apprentissage collaboratif gr\u00e2ce aux interfaces tangibles et augment\u00e9es<\/h2>\n                  <\/div>\n                <\/div>\n                <div data-colibri-id=\"553-c18\" class=\"h-text h-text-component style-1384 style-local-553-c18 position-relative h-element\">\n                  <!---->\n                  <!---->\n                  <div class=\"\">\n                    <p>Le projet e-TAC souhaite faciliter la mise en place d\u2019approches p\u00e9dagogiques mobilisatrices d\u2019apprentissages collaboratifs support\u00e9s par le num\u00e9rique, et ce au sein m\u00eame de la classe.<\/p>\n                    <p>Dans ce but, e-TAC explore les potentialit\u00e9s des technologies hybrides que sont les interfaces tangibles et augment\u00e9es, alternatives aux \u00e9crans\/claviers\/souris.<\/p>\n                    <p>Ces interfaces couplant la r\u00e9alit\u00e9 augment\u00e9e \u00e0 des interfaces tangibles hybrident des mondes physique et num\u00e9rique, et permettent ainsi de replacer les interactions n\u00e9cessaires aux apprentissages directement dans l\u2019environnement physique\n                      et social de la classe.<\/p>\n                  <\/div>\n                <\/div>\n                <div data-colibri-id=\"553-c19\" class=\"h-row-container gutters-row-lg-2 gutters-row-md-2 gutters-row-0 gutters-row-v-lg-2 gutters-row-v-md-2 gutters-row-v-2 style-1426 style-local-553-c19 position-relative\">\n                  <!---->\n                  <div class=\"h-row justify-content-lg-center justify-content-md-center justify-content-center align-items-lg-stretch align-items-md-stretch align-items-stretch gutters-col-lg-2 gutters-col-md-2 gutters-col-0 gutters-col-v-lg-2 gutters-col-v-md-2 gutters-col-v-2\">\n                    <!---->\n                    <div class=\"h-column h-column-container d-flex h-col-lg-auto h-col-md-auto h-col-auto style-1427-outer style-local-553-c20-outer\">\n                      <div data-colibri-id=\"553-c20\" class=\"d-flex h-flex-basis h-column__inner h-px-lg-2 h-px-md-2 h-px-2 v-inner-lg-2 v-inner-md-2 v-inner-2 style-1427 style-local-553-c20 position-relative\">\n                        <!---->\n                        <!---->\n                        <div class=\"w-100 h-y-container h-column__content h-column__v-align flex-basis-100 align-self-lg-start align-self-md-start align-self-start\">\n                          <!---->\n                          <div data-colibri-id=\"553-c21\" class=\"h-x-container style-1429 style-local-553-c21 position-relative h-element\">\n                            <!---->\n                            <div class=\"h-x-container-inner style-dynamic-553-c21-group style-1429-spacing style-local-553-c21-spacing\"><span class=\"h-button__outer style-1434-outer style-local-553-c22-outer d-inline-flex h-element\"><a h-use-smooth-scroll=\"true\" href=\"http:\/\/alchimies.eu\/en\/open-edge\/#recherche\/\"  data-colibri-id=\"553-c22\" class=\"d-flex w-100 align-items-center h-button justify-content-lg-center justify-content-md-center justify-content-center style-1434 style-local-553-c22 position-relative\"><!----><!----> <span>Retour aux projets<\/span><\/a>\n                              <\/span>\n                            <\/div>\n                          <\/div>\n                        <\/div>\n                      <\/div>\n                    <\/div>\n                    <div class=\"h-column h-column-container d-flex h-col-lg-auto h-col-md-auto h-col-auto style-1428-outer style-local-553-c23-outer\">\n                      <div data-colibri-id=\"553-c23\" class=\"d-flex h-flex-basis h-column__inner h-px-lg-2 h-px-md-2 h-px-2 v-inner-lg-2 v-inner-md-2 v-inner-2 style-1428 style-local-553-c23 position-relative\">\n                        <!---->\n                        <!---->\n                        <div class=\"w-100 h-y-container h-column__content h-column__v-align flex-basis-100 align-self-lg-start align-self-md-start align-self-start\">\n                          <!---->\n                          <div data-colibri-id=\"553-c24\" class=\"h-x-container style-1431 style-local-553-c24 position-relative h-element\">\n                            <!---->\n                            <div class=\"h-x-container-inner style-dynamic-553-c24-group style-1431-spacing style-local-553-c24-spacing\"><span class=\"h-button__outer style-1434-outer style-local-553-c25-outer d-inline-flex h-element\"><a h-use-smooth-scroll=\"true\" href=\"https:\/\/e-tac.univ-lorraine.fr\/\"  data-colibri-id=\"553-c25\" class=\"d-flex w-100 align-items-center h-button justify-content-lg-center justify-content-md-center justify-content-center style-1434 style-local-553-c25 position-relative\"><!----><!----> <span>Le site du projet<\/span><\/a>\n                              <\/span>\n                            <\/div>\n                          <\/div>\n                        <\/div>\n                      <\/div>\n                    <\/div>\n                  <\/div>\n                <\/div>\n              <\/div>\n            <\/div>\n          <\/div>\n        <\/div>\n      <\/div>\n    <\/div>\n  <\/div>\n<\/div>","protected":false},"excerpt":{"rendered":"<p>Promouvoir l\u2019apprentissage collaboratif gr\u00e2ce aux interfaces tangibles et augment\u00e9es Le projet e-TAC souhaite faciliter la mise en place d\u2019approches p\u00e9dagogiques mobilisatrices d\u2019apprentissages collaboratifs support\u00e9s par le num\u00e9rique, et ce au sein m\u00eame de la classe. Dans ce but, e-TAC explore les potentialit\u00e9s des technologies hybrides que sont les interfaces tangibles et augment\u00e9es, alternatives aux \u00e9crans\/claviers\/souris. [&hellip;]<\/p>","protected":false},"author":1,"featured_media":0,"parent":302,"menu_order":0,"comment_status":"closed","ping_status":"closed","template":"page-templates\/full-width-page.php","meta":{"footnotes":""},"class_list":["post-553","page","type-page","status-publish","hentry"],"_links":{"self":[{"href":"http:\/\/alchimies.eu\/en\/wp-json\/wp\/v2\/pages\/553","targetHints":{"allow":["GET"]}}],"collection":[{"href":"http:\/\/alchimies.eu\/en\/wp-json\/wp\/v2\/pages"}],"about":[{"href":"http:\/\/alchimies.eu\/en\/wp-json\/wp\/v2\/types\/page"}],"author":[{"embeddable":true,"href":"http:\/\/alchimies.eu\/en\/wp-json\/wp\/v2\/users\/1"}],"replies":[{"embeddable":true,"href":"http:\/\/alchimies.eu\/en\/wp-json\/wp\/v2\/comments?post=553"}],"version-history":[{"count":2,"href":"http:\/\/alchimies.eu\/en\/wp-json\/wp\/v2\/pages\/553\/revisions"}],"predecessor-version":[{"id":6812,"href":"http:\/\/alchimies.eu\/en\/wp-json\/wp\/v2\/pages\/553\/revisions\/6812"}],"up":[{"embeddable":true,"href":"http:\/\/alchimies.eu\/en\/wp-json\/wp\/v2\/pages\/302"}],"wp:attachment":[{"href":"http:\/\/alchimies.eu\/en\/wp-json\/wp\/v2\/media?parent=553"}],"curies":[{"name":"wp","href":"https:\/\/api.w.org\/{rel}","templated":true}]}}