{"id":579,"date":"2021-06-23T15:18:31","date_gmt":"2021-06-23T13:18:31","guid":{"rendered":"http:\/\/alchimies.eu\/?page_id=579"},"modified":"2024-06-12T12:21:52","modified_gmt":"2024-06-12T10:21:52","slug":"iproduce","status":"publish","type":"page","link":"http:\/\/alchimies.eu\/en\/open-edge-old\/iproduce\/","title":{"rendered":"iProduce"},"content":{"rendered":"<div data-colibri-id=\"579-c1\" class=\"style-1406 style-local-579-c1 position-relative\">\n  <!---->\n  <div data-colibri-component=\"section\" data-colibri-id=\"579-c2\" id=\"reusable-sections\" class=\"h-section h-section-global-spacing d-flex align-items-lg-center align-items-md-center align-items-center style-1922 style-local-579-c2 position-relative\">\n    <!---->\n    <!---->\n    <div class=\"h-section-grid-container h-section-boxed-container\">\n      <!---->\n      <div data-colibri-id=\"579-c3\" class=\"h-row-container gutters-row-lg-0 gutters-row-md-0 gutters-row-0 gutters-row-v-lg-0 gutters-row-v-md-0 gutters-row-v-0 style-1923 style-local-579-c3 position-relative\">\n        <!---->\n        <div class=\"h-row justify-content-lg-center justify-content-md-center justify-content-center align-items-lg-stretch align-items-md-stretch align-items-stretch gutters-col-lg-0 gutters-col-md-0 gutters-col-0 gutters-col-v-lg-0 gutters-col-v-md-0 gutters-col-v-0\">\n          <!---->\n          <div class=\"h-column h-column-container d-flex h-col-lg-12 h-col-md-12 h-col-12 style-1924-outer style-local-579-c4-outer\">\n            <div data-colibri-id=\"579-c4\" class=\"d-flex h-flex-basis h-column__inner h-px-lg-0 h-px-md-0 h-px-0 v-inner-lg-0 v-inner-md-0 v-inner-0 style-1924 style-local-579-c4 position-relative\">\n              <!---->\n              <!---->\n              <div class=\"w-100 h-y-container h-column__content h-column__v-align flex-basis-100 align-self-lg-start align-self-md-start align-self-start\">\n                <!---->\n                <div data-colibri-id=\"579-c5\" class=\"d-block style-1925 style-local-579-c5 position-relative h-element\">\n                  <!---->\n                  <div class=\"h-image__frame-container-outer\">\n                    <div class=\"h-image__frame-container\">\n                      <!---->\n                      <!---->\n                      <img loading=\"lazy\" decoding=\"async\" width=\"1080\" height=\"400\" src=\"http:\/\/alchimies.eu\/wp-content\/uploads\/2021\/06\/OpenEdge.png\" class=\"wp-image-866 style-1925-image style-local-579-c5-image\" alt=\"\" srcset=\"https:\/\/alchimies.eu\/wp-content\/uploads\/2021\/06\/OpenEdge.png 1080w, https:\/\/alchimies.eu\/wp-content\/uploads\/2021\/06\/OpenEdge-300x111.png 300w, https:\/\/alchimies.eu\/wp-content\/uploads\/2021\/06\/OpenEdge-1024x379.png 1024w, https:\/\/alchimies.eu\/wp-content\/uploads\/2021\/06\/OpenEdge-768x284.png 768w\" sizes=\"auto, (max-width: 1080px) 100vw, 1080px\" \/>\n                      <div class=\"h-image__frame h-hide-lg h-hide-md h-hide-sm style-1925-frameImage style-local-579-c5-frameImage\"><\/div>\n                    <\/div>\n                  <\/div>\n                <\/div>\n              <\/div>\n            <\/div>\n          <\/div>\n        <\/div>\n      <\/div>\n    <\/div>\n  <\/div>\n  <div data-colibri-component=\"section\" data-colibri-id=\"579-c10\" id=\"about\" class=\"h-section h-section-global-spacing d-flex align-items-lg-start align-items-md-start align-items-start style-1414 style-local-579-c10 position-relative\">\n    <!---->\n    <!---->\n    <div class=\"h-section-grid-container h-section-boxed-container\">\n      <!---->\n      <div data-colibri-id=\"579-c11\" class=\"h-row-container gutters-row-lg-0 gutters-row-md-0 gutters-row-2 gutters-row-v-lg-0 gutters-row-v-md-0 gutters-row-v-0 style-1415 style-local-579-c11 position-relative\">\n        <!---->\n        <div class=\"h-row justify-content-lg-center justify-content-md-center justify-content-center align-items-lg-stretch align-items-md-stretch align-items-stretch gutters-col-lg-0 gutters-col-md-0 gutters-col-2 gutters-col-v-lg-0 gutters-col-v-md-0 gutters-col-v-0\">\n          <!---->\n          <div class=\"h-column h-column-container d-flex h-col-lg-auto h-col-md-auto h-col-auto style-1416-outer style-local-579-c12-outer\">\n            <div data-colibri-id=\"579-c12\" class=\"d-flex h-flex-basis h-column__inner h-px-lg-2 h-px-md-2 h-px-2 v-inner-lg-2 v-inner-md-2 v-inner-2 style-1416 style-local-579-c12 position-relative\">\n              <!---->\n              <!---->\n              <div class=\"w-100 h-y-container h-column__content h-column__v-align flex-basis-100 align-self-lg-center align-self-md-center align-self-center\">\n                <!---->\n                <div data-colibri-id=\"579-c13\" class=\"h-global-transition-all h-heading style-1417 style-local-579-c13 position-relative h-element\">\n                  <!---->\n                  <div class=\"h-heading__outer style-1417 style-local-579-c13\">\n                    <!---->\n                    <!---->\n                    <h2 class=\"\">Plateforme num\u00e9rique de cr\u00e9ation, conception et fabrication collaborative<\/h2>\n                  <\/div>\n                <\/div>\n                <div data-colibri-id=\"579-c14\" class=\"h-text h-text-component style-1419 style-local-579-c14 position-relative h-element\">\n                  <!---->\n                  <!---->\n                  <div class=\"\">\n                    <p>Les chercheurs en innovation prennent en compte l\u2019augmentation des capacit\u00e9s des consommateurs \u00e0 innover de leur propre chef. La d\u00e9mocratisation de l\u2019innovation profitera aux producteurs de l\u2019UE.<\/p>\n                    <p>Pourtant, son int\u00e9gration dans les processus d\u2019innovation des entreprises reste encore sous-d\u00e9velopp\u00e9e. Le projet iPRODUCE, financ\u00e9 par l\u2019UE, vise \u00e0 faire progresser, sur le plan technologique, les concepts existants dans des domaines\n                      de fabrication sp\u00e9cifiques tels que le bricolage, les FabLabs et les Makerspaces, et \u00e0 les d\u00e9ployer dans des structures multipartites connect\u00e9es sous forme de d\u00e9monstrateurs collaboratifs de fabrication (cMDF).<\/p>\n                    <p>Le projet a pour ambition de d\u00e9velopper une plateforme num\u00e9rique ouverte soutenue par des outils innovants qui permettront aux parties prenantes d\u2019interagir et de coop\u00e9rer. La plateforme sera d\u00e9ploy\u00e9e, test\u00e9e et \u00e9valu\u00e9e dans six environnements\n                      locaux dans des domaines d\u2019application vari\u00e9s : ameublement, mobilit\u00e9, biens de consommation, \u00e9lectronique, \u00e9quipements m\u00e9dicaux.\n                      <br>\n                    <\/p>\n                    <p>Dans ce cadre, Open Edge travaille avec Materalia, partenaire du projet iProduce.<\/p>\n                  <\/div>\n                <\/div>\n                <div data-colibri-id=\"579-c15\" class=\"h-x-container style-1423 style-local-579-c15 position-relative h-element\">\n                  <!---->\n                  <div class=\"h-x-container-inner style-dynamic-579-c15-group style-1423-spacing style-local-579-c15-spacing\"><span class=\"h-button__outer style-1434-outer style-local-579-c16-outer d-inline-flex h-element\"><a h-use-smooth-scroll=\"true\" href=\"http:\/\/alchimies.eu\/en\/open-edge\/#recherche\/\"  data-colibri-id=\"579-c16\" class=\"d-flex w-100 align-items-center h-button justify-content-lg-center justify-content-md-center justify-content-center style-1434 style-local-579-c16 position-relative\"><!----><!----> <span>Retour aux projets<\/span><\/a>\n                    <\/span><span class=\"h-button__outer style-1434-outer style-local-579-c17-outer d-inline-flex h-element\"><a h-use-smooth-scroll=\"true\" href=\"https:\/\/iproduce-project.eu\/\"  data-colibri-id=\"579-c17\" class=\"d-flex w-100 align-items-center h-button justify-content-lg-center justify-content-md-center justify-content-center style-1434 style-local-579-c17 position-relative\"><!----><!----> <span>Le site du projet<\/span><\/a>\n                    <\/span>\n                  <\/div>\n                <\/div>\n              <\/div>\n            <\/div>\n          <\/div>\n          <div class=\"h-column h-column-container d-flex h-col-lg-auto h-col-md-auto h-col-auto style-1420-outer style-local-579-c18-outer\">\n            <div data-colibri-id=\"579-c18\" class=\"d-flex h-flex-basis h-column__inner h-px-lg-0 h-px-md-0 h-px-2 v-inner-lg-0 v-inner-md-0 v-inner-2 style-1420 style-local-579-c18 position-relative\">\n              <!---->\n              <!---->\n              <div class=\"w-100 h-y-container h-column__content h-column__v-align flex-basis-100 align-self-lg-center align-self-md-center align-self-center\">\n                <!---->\n                <div data-colibri-id=\"579-c19\" class=\"d-block style-1425 style-local-579-c19 position-relative h-element\">\n                  <!---->\n                  <div class=\"h-image__frame-container-outer\">\n                    <div class=\"h-image__frame-container\">\n                      <!---->\n                      <!---->\n                      <img loading=\"lazy\" decoding=\"async\" width=\"858\" height=\"858\" src=\"https:\/\/alchimies.eu\/wp-content\/uploads\/2023\/08\/Screenshot-2023-08-02-at-16-17-51-iPRODUCE-brochure-JAN2023-iPRODUCE-brochure-Methods-and-Tools-v3.pdf.png\" class=\"wp-image-5807 style-1425-image style-local-579-c19-image\" alt=\"\" srcset=\"https:\/\/alchimies.eu\/wp-content\/uploads\/2023\/08\/Screenshot-2023-08-02-at-16-17-51-iPRODUCE-brochure-JAN2023-iPRODUCE-brochure-Methods-and-Tools-v3.pdf.png 858w, https:\/\/alchimies.eu\/wp-content\/uploads\/2023\/08\/Screenshot-2023-08-02-at-16-17-51-iPRODUCE-brochure-JAN2023-iPRODUCE-brochure-Methods-and-Tools-v3.pdf-300x300.png 300w, https:\/\/alchimies.eu\/wp-content\/uploads\/2023\/08\/Screenshot-2023-08-02-at-16-17-51-iPRODUCE-brochure-JAN2023-iPRODUCE-brochure-Methods-and-Tools-v3.pdf-150x150.png 150w, https:\/\/alchimies.eu\/wp-content\/uploads\/2023\/08\/Screenshot-2023-08-02-at-16-17-51-iPRODUCE-brochure-JAN2023-iPRODUCE-brochure-Methods-and-Tools-v3.pdf-768x768.png 768w, https:\/\/alchimies.eu\/wp-content\/uploads\/2023\/08\/Screenshot-2023-08-02-at-16-17-51-iPRODUCE-brochure-JAN2023-iPRODUCE-brochure-Methods-and-Tools-v3.pdf-12x12.png 12w\" sizes=\"auto, (max-width: 858px) 100vw, 858px\" \/>\n                      <div class=\"h-image__frame h-hide-lg h-hide-md h-hide-sm style-1425-frameImage style-local-579-c19-frameImage\"><\/div>\n                    <\/div>\n                  <\/div>\n                <\/div>\n              <\/div>\n            <\/div>\n          <\/div>\n        <\/div>\n      <\/div>\n    <\/div>\n  <\/div>\n<\/div>","protected":false},"excerpt":{"rendered":"<p>Plateforme num\u00e9rique de cr\u00e9ation, conception et fabrication collaborative Les chercheurs en innovation prennent en compte l\u2019augmentation des capacit\u00e9s des consommateurs \u00e0 innover de leur propre chef. La d\u00e9mocratisation de l\u2019innovation profitera aux producteurs de l\u2019UE. Pourtant, son int\u00e9gration dans les processus d\u2019innovation des entreprises reste encore sous-d\u00e9velopp\u00e9e. Le projet iPRODUCE, financ\u00e9 par l\u2019UE, vise \u00e0 [&hellip;]<\/p>","protected":false},"author":1,"featured_media":0,"parent":302,"menu_order":0,"comment_status":"closed","ping_status":"closed","template":"page-templates\/full-width-page.php","meta":{"footnotes":""},"class_list":["post-579","page","type-page","status-publish","hentry"],"_links":{"self":[{"href":"http:\/\/alchimies.eu\/en\/wp-json\/wp\/v2\/pages\/579","targetHints":{"allow":["GET"]}}],"collection":[{"href":"http:\/\/alchimies.eu\/en\/wp-json\/wp\/v2\/pages"}],"about":[{"href":"http:\/\/alchimies.eu\/en\/wp-json\/wp\/v2\/types\/page"}],"author":[{"embeddable":true,"href":"http:\/\/alchimies.eu\/en\/wp-json\/wp\/v2\/users\/1"}],"replies":[{"embeddable":true,"href":"http:\/\/alchimies.eu\/en\/wp-json\/wp\/v2\/comments?post=579"}],"version-history":[{"count":4,"href":"http:\/\/alchimies.eu\/en\/wp-json\/wp\/v2\/pages\/579\/revisions"}],"predecessor-version":[{"id":6826,"href":"http:\/\/alchimies.eu\/en\/wp-json\/wp\/v2\/pages\/579\/revisions\/6826"}],"up":[{"embeddable":true,"href":"http:\/\/alchimies.eu\/en\/wp-json\/wp\/v2\/pages\/302"}],"wp:attachment":[{"href":"http:\/\/alchimies.eu\/en\/wp-json\/wp\/v2\/media?parent=579"}],"curies":[{"name":"wp","href":"https:\/\/api.w.org\/{rel}","templated":true}]}}