{"id":1707,"date":"2021-11-08T17:19:18","date_gmt":"2021-11-08T16:19:18","guid":{"rendered":"https:\/\/alchimies.eu\/?page_id=1707"},"modified":"2021-11-08T17:50:48","modified_gmt":"2021-11-08T16:50:48","slug":"cgvoe","status":"publish","type":"page","link":"https:\/\/alchimies.eu\/en\/cgvoe\/","title":{"rendered":"CGV &#8211; Open Edge"},"content":{"rendered":"<div data-colibri-id=\"1707-c1\" class=\"style-2290 style-local-1707-c1 position-relative\">\n  <!---->\n  <div data-colibri-component=\"section\" data-colibri-id=\"1707-c2\" id=\"initial-content\" class=\"h-section h-section-global-spacing d-flex align-items-lg-center align-items-md-center align-items-center style-2291 style-local-1707-c2 position-relative\">\n    <!---->\n    <!---->\n    <div class=\"h-section-grid-container h-section-boxed-container\">\n      <!---->\n      <div data-colibri-id=\"1707-c3\" class=\"h-row-container gutters-row-lg-2 gutters-row-md-2 gutters-row-0 gutters-row-v-lg-2 gutters-row-v-md-2 gutters-row-v-2 style-2292 style-local-1707-c3 position-relative\">\n        <!---->\n        <div class=\"h-row justify-content-lg-center justify-content-md-center justify-content-center align-items-lg-stretch align-items-md-stretch align-items-stretch gutters-col-lg-2 gutters-col-md-2 gutters-col-0 gutters-col-v-lg-2 gutters-col-v-md-2 gutters-col-v-2\">\n          <!---->\n          <div class=\"h-column h-column-container d-flex h-col-lg-auto h-col-md-auto h-col-auto style-2293-outer style-local-1707-c4-outer\">\n            <div data-colibri-id=\"1707-c4\" class=\"d-flex h-flex-basis h-column__inner h-px-lg-2 h-px-md-2 h-px-2 v-inner-lg-2 v-inner-md-2 v-inner-2 style-2293 style-local-1707-c4 position-relative\">\n              <!---->\n              <!---->\n              <div class=\"w-100 h-y-container h-column__content h-column__v-align flex-basis-100 align-self-lg-start align-self-md-start align-self-start\">\n                <!---->\n                <div data-colibri-id=\"1707-c23\" class=\"h-text h-text-component style-2318 style-local-1707-c23 position-relative h-element\">\n                  <!---->\n                  <!---->\n                  <div class=\"\">\n                    <p><em style=\"font-weight: 300;\">APPLICABLE A COMPTER DU 02\/11\/2021<\/em><\/p>\n                  <\/div>\n                <\/div>\n                <div data-colibri-id=\"1707-c5\" class=\"h-text h-text-component style-2294 style-local-1707-c5 position-relative h-element\">\n                  <!---->\n                  <!---->\n                  <div class=\"\">\n                    <h2>Clause N\u00b01: Objet et champ d\u2019application<\/h2>\n                    <p>Les pr\u00e9sentes conditions g\u00e9n\u00e9rales de vente (CGV) constituent le socle de la n\u00e9gociation commerciale et sont syst\u00e9matiquement adress\u00e9es ou remises \u00e0 chaque acheteur pour lui permettre de passer commande.<\/p>\n                    <p>Les conditions g\u00e9n\u00e9rales de vente d\u00e9crites ci-apr\u00e8s d\u00e9taillent les droits et obligations de la soci\u00e9t\u00e9 OPEN EDGE et de son client dans le cadre de la vente des prestations suivantes :<\/p>\n                  <\/div>\n                <\/div>\n                <div data-colibri-id=\"1707-c6\" class=\"icon-list d-flex justify-content-lg-center justify-content-md-center justify-content-center style-2314 style-local-1707-c6 position-relative h-element\">\n                  <!---->\n                  <ul class=\"ul-list-icon vertical-on-desktop vertical-on-tablet vertical-on-mobile justify-content-lg-center justify-content-md-center justify-content-center\">\n                    <!---->\n                    <li class=\"list-item no-gutters\">\n                      <!---->\n                      <div class=\"list-container-divider d-flex justify-content-lg-center justify-content-md-center justify-content-center first-el-spacer\"><\/div> <span class=\"item-link no-gutters\"><div class=\"d-flex h-col no-gutters align-items-lg-center align-items-md-center align-items-center list-item-text-wrapper\"><div class=\"d-flex\"><span  class=\"h-svg-icon style-2314-icon style-local-1707-c6-icon\"><!--Icon by Ionicons (https:\/\/ionicons.com)--><svg version=\"1.1\" xmlns=\"http:\/\/www.w3.org\/2000\/svg\" xmlns:xlink=\"http:\/\/www.w3.org\/1999\/xlink\" id=\"android-arrow-dropright\" viewbox=\"0 0 128 512\"><path d=\"M0 128l128 128L0 384V128z\"><\/path><\/svg><\/span><\/div>\n                <span class=\"list-text d-block\"><span>Continuous training<\/span><\/span>\n              <\/div>\n              <\/span>\n              <div class=\"list-container-divider d-flex justify-content-lg-center justify-content-md-center justify-content-center\">\n                <!---->\n              <\/div>\n              <\/li>\n              <li class=\"list-item no-gutters\">\n                <!---->\n                <!----><span class=\"item-link no-gutters\"><div class=\"d-flex h-col no-gutters align-items-lg-center align-items-md-center align-items-center list-item-text-wrapper\"><div class=\"d-flex\"><span  class=\"h-svg-icon style-2314-icon style-local-1707-c6-icon\"><!--Icon by Ionicons (https:\/\/ionicons.com)--><svg version=\"1.1\" xmlns=\"http:\/\/www.w3.org\/2000\/svg\" xmlns:xlink=\"http:\/\/www.w3.org\/1999\/xlink\" id=\"android-arrow-dropright\" viewbox=\"0 0 128 512\"><path d=\"M0 128l128 128L0 384V128z\"><\/path><\/svg><\/span><\/div>\n            <span class=\"list-text d-block\"><span>Professional training<\/span><\/span>\n          <\/div>\n          <\/span>\n          <div class=\"list-container-divider d-flex justify-content-lg-center justify-content-md-center justify-content-center\">\n            <!---->\n          <\/div>\n          <\/li>\n          <li class=\"list-item no-gutters\">\n            <!---->\n            <!----><span class=\"item-link no-gutters\"><div class=\"d-flex h-col no-gutters align-items-lg-center align-items-md-center align-items-center list-item-text-wrapper\"><div class=\"d-flex\"><span  class=\"h-svg-icon style-2314-icon style-local-1707-c6-icon\"><!--Icon by Ionicons (https:\/\/ionicons.com)--><svg version=\"1.1\" xmlns=\"http:\/\/www.w3.org\/2000\/svg\" xmlns:xlink=\"http:\/\/www.w3.org\/1999\/xlink\" id=\"android-arrow-dropright\" viewbox=\"0 0 128 512\"><path d=\"M0 128l128 128L0 384V128z\"><\/path><\/svg><\/span><\/div>\n        <span class=\"list-text d-block\"><span>Atelier de d\u00e9couverte<\/span><\/span>\n      <\/div>\n      <\/span>\n      <div class=\"list-container-divider d-flex justify-content-lg-center justify-content-md-center justify-content-center\" style=\"display: none;\">\n        <!---->\n      <\/div>\n      <div class=\"list-container-divider d-flex justify-content-lg-center justify-content-md-center justify-content-center last-el-spacer\"><\/div>\n      <\/li>\n      <\/ul>\n    <\/div>\n    <div data-colibri-id=\"1707-c7\" class=\"h-text h-text-component style-2315 style-local-1707-c7 position-relative h-element\">\n      <!---->\n      <!---->\n      <div class=\"\">\n        <p>Toute acceptation du devis\/bon de commande en ce compris la clause \u00ab Je reconnais avoir pris connaissance et j&rsquo;accepte les conditions g\u00e9n\u00e9rales de vente ci-annex\u00e9es \u00bb implique l&rsquo;adh\u00e9sion sans r\u00e9serve de l&rsquo;acheteur aux pr\u00e9sentes conditions g\u00e9n\u00e9rales\n          de vente.<\/p>\n        <p>Le fait que le vendeur ne se pr\u00e9vale pas \u00e0 un moment donn\u00e9 de l&rsquo;une quelconque des pr\u00e9sentes conditions g\u00e9n\u00e9rales de vente ne peut \u00eatre interpr\u00e9t\u00e9 comme valant renonciation \u00e0 se pr\u00e9valoir ult\u00e9rieurement de l&rsquo;une quelconque desdites conditions.<\/p>\n      <\/div>\n    <\/div>\n    <div data-colibri-id=\"1707-c8\" class=\"h-text h-text-component style-2295 style-local-1707-c8 position-relative h-element\">\n      <!---->\n      <!---->\n      <div class=\"\">\n        <h2>Clause N\u00b02 :&nbsp;Prix<\/h2>\n        <p><span style=\"color: rgb(70, 112, 127); font-size: 16px;\"><br>Les prix des marchandises vendues sont ceux en vigueur au jour de la prise de commande. Ils sont libell\u00e9s en euros et calcul\u00e9s hors taxes. Par voie de cons\u00e9quence, ils seront major\u00e9s du taux de TVA et des frais de transport applicables au jour de la commande.<\/span><\/p>\n        <p>La soci\u00e9t\u00e9 OPEN EDGE s&rsquo;accorde le droit de modifier ses tarifs \u00e0 tout moment. Toutefois, elle s&rsquo;engage \u00e0 facturer les marchandises command\u00e9es aux prix indiqu\u00e9s lors de l&rsquo;enregistrement de la commande.<\/p>\n      <\/div>\n    <\/div>\n    <div data-colibri-id=\"1707-c9\" class=\"h-text h-text-component style-2296 style-local-1707-c9 position-relative h-element\">\n      <!---->\n      <!---->\n      <div class=\"\">\n        <h2>Clause N\u00b03 :&nbsp;Rabais et ristournes\n          <br>\n        <\/h2>\n        <p>Les tarifs propos\u00e9s comprennent les rabais et ristournes que la soci\u00e9t\u00e9 OPEN EDGE serait amen\u00e9e \u00e0 octroyer compte tenu de ses r\u00e9sultats ou de la prise en charge par l&rsquo;acheteur de certaines prestations.<\/p>\n      <\/div>\n    <\/div>\n    <div data-colibri-id=\"1707-c10\" class=\"h-text h-text-component style-2297 style-local-1707-c10 position-relative h-element\">\n      <!---->\n      <!---->\n      <div class=\"\">\n        <h2>Clause N\u00b04 :&nbsp;Escompte<span style=\"color: rgb(70, 112, 127); font-size: 16px;\"><br><\/span><\/h2>\n        <p><span style=\"color: rgb(70, 112, 127); font-size: 16px;\">Aucun escompte ne sera consenti en cas de paiement anticip\u00e9.<\/span><\/p>\n      <\/div>\n    <\/div>\n    <div data-colibri-id=\"1707-c11\" class=\"h-text h-text-component style-2298 style-local-1707-c11 position-relative h-element\">\n      <!---->\n      <!---->\n      <div class=\"\">\n        <h2>Clause N\u00b05 :&nbsp;Modalit\u00e9s de paiement<\/h2>\n        <p>Le r\u00e8glement des commandes s&rsquo;effectue :<\/p>\n      <\/div>\n    <\/div>\n    <div data-colibri-id=\"1707-c12\" class=\"icon-list d-flex justify-content-lg-center justify-content-md-center justify-content-center style-2314 style-local-1707-c12 position-relative h-element\">\n      <!---->\n      <ul class=\"ul-list-icon vertical-on-desktop vertical-on-tablet vertical-on-mobile justify-content-lg-center justify-content-md-center justify-content-center\">\n        <!---->\n        <li class=\"list-item no-gutters\">\n          <!---->\n          <div class=\"list-container-divider d-flex justify-content-lg-center justify-content-md-center justify-content-center first-el-spacer\"><\/div> <span class=\"item-link no-gutters\"><div class=\"d-flex h-col no-gutters align-items-lg-center align-items-md-center align-items-center list-item-text-wrapper\"><div class=\"d-flex\"><span  class=\"h-svg-icon style-2314-icon style-local-1707-c12-icon\"><!--Icon by Ionicons (https:\/\/ionicons.com)--><svg version=\"1.1\" xmlns=\"http:\/\/www.w3.org\/2000\/svg\" xmlns:xlink=\"http:\/\/www.w3.org\/1999\/xlink\" id=\"android-arrow-dropright\" viewbox=\"0 0 128 512\"><path d=\"M0 128l128 128L0 384V128z\"><\/path><\/svg><\/span><\/div>\n    <span class=\"list-text d-block\"><span>Soit par ch\u00e8que ;<\/span><\/span>\n  <\/div>\n  <\/span>\n  <div class=\"list-container-divider d-flex justify-content-lg-center justify-content-md-center justify-content-center\">\n    <!---->\n  <\/div>\n  <\/li>\n  <li class=\"list-item no-gutters\">\n    <!---->\n    <!----><span class=\"item-link no-gutters\"><div class=\"d-flex h-col no-gutters align-items-lg-center align-items-md-center align-items-center list-item-text-wrapper\"><div class=\"d-flex\"><span  class=\"h-svg-icon style-2314-icon style-local-1707-c12-icon\"><!--Icon by Ionicons (https:\/\/ionicons.com)--><svg version=\"1.1\" xmlns=\"http:\/\/www.w3.org\/2000\/svg\" xmlns:xlink=\"http:\/\/www.w3.org\/1999\/xlink\" id=\"android-arrow-dropright\" viewbox=\"0 0 128 512\"><path d=\"M0 128l128 128L0 384V128z\"><\/path><\/svg><\/span><\/div>\n<span class=\"list-text d-block\"><span>Soit par carte bancaire ;<\/span><\/span>\n<\/div>\n<\/span>\n<div class=\"list-container-divider d-flex justify-content-lg-center justify-content-md-center justify-content-center\">\n  <!---->\n<\/div>\n<\/li>\n<li class=\"list-item no-gutters\">\n  <!---->\n  <!----><span class=\"item-link no-gutters\"><div class=\"d-flex h-col no-gutters align-items-lg-center align-items-md-center align-items-center list-item-text-wrapper\"><div class=\"d-flex\"><span  class=\"h-svg-icon style-2314-icon style-local-1707-c12-icon\"><!--Icon by Ionicons (https:\/\/ionicons.com)--><svg version=\"1.1\" xmlns=\"http:\/\/www.w3.org\/2000\/svg\" xmlns:xlink=\"http:\/\/www.w3.org\/1999\/xlink\" id=\"android-arrow-dropright\" viewbox=\"0 0 128 512\"><path d=\"M0 128l128 128L0 384V128z\"><\/path><\/svg><\/span><\/div>\n  <span class=\"list-text d-block\"><span>Soit par virement bancaire.<\/span><\/span>\n  <\/div>\n  <\/span>\n  <div class=\"list-container-divider d-flex justify-content-lg-center justify-content-md-center justify-content-center\" style=\"display: none;\">\n    <!---->\n  <\/div>\n  <div class=\"list-container-divider d-flex justify-content-lg-center justify-content-md-center justify-content-center last-el-spacer\"><\/div>\n<\/li>\n<\/ul>\n<\/div>\n<div data-colibri-id=\"1707-c13\" class=\"h-text h-text-component style-2317 style-local-1707-c13 position-relative h-element\">\n  <!---->\n  <!---->\n  <div class=\"\">\n    <p>Les r\u00e8glements seront effectu\u00e9s aux conditions suivantes :<\/p>\n  <\/div>\n<\/div>\n<div data-colibri-id=\"1707-c14\" class=\"icon-list d-flex justify-content-lg-center justify-content-md-center justify-content-center style-2314 style-local-1707-c14 position-relative h-element\">\n  <!---->\n  <ul class=\"ul-list-icon vertical-on-desktop vertical-on-tablet vertical-on-mobile justify-content-lg-center justify-content-md-center justify-content-center\">\n    <!---->\n    <li class=\"list-item no-gutters\">\n      <!---->\n      <div class=\"list-container-divider d-flex justify-content-lg-center justify-content-md-center justify-content-center first-el-spacer\"><\/div> <span class=\"item-link no-gutters\"><div class=\"d-flex h-col no-gutters align-items-lg-center align-items-md-center align-items-center list-item-text-wrapper\"><div class=\"d-flex\"><span  class=\"h-svg-icon style-2314-icon style-local-1707-c14-icon\"><!--Icon by Ionicons (https:\/\/ionicons.com)--><svg version=\"1.1\" xmlns=\"http:\/\/www.w3.org\/2000\/svg\" xmlns:xlink=\"http:\/\/www.w3.org\/1999\/xlink\" id=\"android-arrow-dropright\" viewbox=\"0 0 128 512\"><path d=\"M0 128l128 128L0 384V128z\"><\/path><\/svg><\/span><\/div>\n<span class=\"list-text d-block\"><span>Paiement \u00e0 30 jours suivant la r\u00e9ception des marchandises<\/span><\/span>\n<\/div>\n<\/span>\n<div class=\"list-container-divider d-flex justify-content-lg-center justify-content-md-center justify-content-center\" style=\"display: none;\">\n  <!---->\n<\/div>\n<div class=\"list-container-divider d-flex justify-content-lg-center justify-content-md-center justify-content-center last-el-spacer\"><\/div>\n<\/li>\n<\/ul>\n<\/div>\n<div data-colibri-id=\"1707-c15\" class=\"h-text h-text-component style-2299 style-local-1707-c15 position-relative h-element\">\n  <!---->\n  <!---->\n  <div class=\"\">\n    <h2>Clause N\u00b06 :&nbsp;Retard de paiement\n      <a href=\"https:\/\/alchimies.eu\/en\/\" style=\"font-size: 16px;\">\n        <br>\n      <\/a>\n    <\/h2>\n    <p>En cas de d\u00e9faut de paiement total ou partiel des prestations livr\u00e9es \u00e0 l&rsquo;\u00e9ch\u00e9ance, l&rsquo;acheteur doit verser \u00e0 la soci\u00e9t\u00e9 OPEN EDGE une p\u00e9nalit\u00e9 de retard \u00e9gale \u00e0 trois fois le taux de l&rsquo;int\u00e9r\u00eat l\u00e9gal.<\/p>\n    <p>Le taux de l&rsquo;int\u00e9r\u00eat l\u00e9gal retenu est celui en vigueur au jour de fin des prestations.<\/p>\n    <p>A compter du 1er janvier 2015, le taux d&rsquo;int\u00e9r\u00eat l\u00e9gal sera r\u00e9vis\u00e9 tous les 6 mois (Ordonnance n\u00b02014-947 du 20 ao\u00fbt 2014).<\/p>\n    <p>Cette p\u00e9nalit\u00e9 est calcul\u00e9e sur le montant TTC de la somme restant due, et court \u00e0 compter de la date d&rsquo;\u00e9ch\u00e9ance du prix sans qu&rsquo;aucune mise en demeure pr\u00e9alable ne soit n\u00e9cessaire.<\/p>\n    <p>En sus des indemnit\u00e9s de retard, toute somme, y compris l\u2019acompte, non pay\u00e9e \u00e0 sa date d\u2019exigibilit\u00e9 produira de plein droit le paiement d\u2019une indemnit\u00e9 forfaitaire de 40 euros due au titre des frais de recouvrement.<\/p>\n    <p><em style=\"font-weight: 300;\">Articles 441-10 et D. 441-5 du code de commerce.<\/em><\/p>\n  <\/div>\n<\/div>\n<div data-colibri-id=\"1707-c16\" class=\"h-text h-text-component style-2300 style-local-1707-c16 position-relative h-element\">\n  <!---->\n  <!---->\n  <div class=\"\">\n    <h2>Clause N\u00b07 : Clause r\u00e9solutoire\n      <a href=\"https:\/\/alchimies.eu\/en\/\" style=\"font-size: 16px;\">\n        <br>\n      <\/a>\n    <\/h2>\n    <p>Si dans les quinze jours qui suivent la mise en \u0153uvre de la clause \u00ab\u00a0Retard de paiement\u00a0\u00bb, l&rsquo;acheteur ne s&rsquo;est pas acquitt\u00e9 des sommes restantes dues, la vente sera r\u00e9solue de plein droit et pourra ouvrir droit \u00e0 l&rsquo;allocation de dommages et int\u00e9r\u00eats\n      au profit de la soci\u00e9t\u00e9 OPEN EDGE.<\/p>\n  <\/div>\n<\/div>\n<div data-colibri-id=\"1707-c17\" class=\"h-text h-text-component style-2301 style-local-1707-c17 position-relative h-element\">\n  <!---->\n  <!---->\n  <div class=\"\">\n    <h2>Clause N\u00b08 :&nbsp;Clause de r\u00e9serve de propri\u00e9t\u00e9<span style=\"font-size: 16px; color: rgb(70, 112, 127);\"><br><\/span><\/h2>\n    <p>La soci\u00e9t\u00e9 OPEN EDGE conserve la propri\u00e9t\u00e9 des biens vendus jusqu&rsquo;au paiement int\u00e9gral du prix, en principal et en accessoires. \u00c0 ce titre, si l&rsquo;acheteur fait l&rsquo;objet d&rsquo;un redressement ou d&rsquo;une liquidation judiciaire, la soci\u00e9t\u00e9 OPEN EDGE se r\u00e9serve\n      le droit de revendiquer, dans le cadre de la proc\u00e9dure collective, les prestations vendues et rest\u00e9es impay\u00e9es.<\/p>\n  <\/div>\n<\/div>\n<div data-colibri-id=\"1707-c18\" class=\"h-text h-text-component style-2303 style-local-1707-c18 position-relative h-element\">\n  <!---->\n  <!---->\n  <div class=\"\">\n    <h2>Clause n\u00b0 9 : D\u00e9lai de r\u00e9alisation des prestations<\/h2>\n    <p>Le d\u00e9lai de r\u00e9alisation des prestations qui est indiqu\u00e9 lors de l&rsquo;enregistrement de la commande n&rsquo;est donn\u00e9 qu&rsquo;\u00e0 titre indicatif et n&rsquo;est aucunement garanti.<\/p>\n    <p>Par voie de cons\u00e9quence, tout retard raisonnable dans la livraison des produits ne pourra pas donner lieu au profit de l&rsquo;acheteur \u00e0 :<\/p>\n  <\/div>\n<\/div>\n<div data-colibri-id=\"1707-c19\" class=\"icon-list d-flex justify-content-lg-center justify-content-md-center justify-content-center style-2304 style-local-1707-c19 position-relative h-element\">\n  <!---->\n  <ul class=\"ul-list-icon vertical-on-desktop vertical-on-tablet vertical-on-mobile justify-content-lg-center justify-content-md-center justify-content-center\">\n    <!---->\n    <li class=\"list-item no-gutters\">\n      <!---->\n      <div class=\"list-container-divider d-flex justify-content-lg-center justify-content-md-center justify-content-center first-el-spacer\"><\/div> <span class=\"item-link no-gutters\"><div class=\"d-flex h-col no-gutters align-items-lg-center align-items-md-center align-items-center list-item-text-wrapper\"><div class=\"d-flex\"><span  class=\"h-svg-icon style-2304-icon style-local-1707-c19-icon\"><!--Icon by Ionicons (https:\/\/ionicons.com)--><svg version=\"1.1\" xmlns=\"http:\/\/www.w3.org\/2000\/svg\" xmlns:xlink=\"http:\/\/www.w3.org\/1999\/xlink\" id=\"android-arrow-dropright\" viewbox=\"0 0 128 512\"><path d=\"M0 128l128 128L0 384V128z\"><\/path><\/svg><\/span><\/div>\n<span class=\"list-text d-block\"><span>L\u2019allocation de dommages et int\u00e9r\u00eats ;<\/span><\/span>\n<\/div>\n<\/span>\n<div class=\"list-container-divider d-flex justify-content-lg-center justify-content-md-center justify-content-center\">\n  <!---->\n<\/div>\n<\/li>\n<li class=\"list-item no-gutters\">\n  <!---->\n  <!----><span class=\"item-link no-gutters\"><div class=\"d-flex h-col no-gutters align-items-lg-center align-items-md-center align-items-center list-item-text-wrapper\"><div class=\"d-flex\"><span  class=\"h-svg-icon style-2304-icon style-local-1707-c19-icon\"><!--Icon by Ionicons (https:\/\/ionicons.com)--><svg version=\"1.1\" xmlns=\"http:\/\/www.w3.org\/2000\/svg\" xmlns:xlink=\"http:\/\/www.w3.org\/1999\/xlink\" id=\"android-arrow-dropright\" viewbox=\"0 0 128 512\"><path d=\"M0 128l128 128L0 384V128z\"><\/path><\/svg><\/span><\/div>\n  <span class=\"list-text d-block\"><span>L\u2019annulation de la commande.<br><\/span><\/span>\n  <\/div>\n  <\/span>\n  <div class=\"list-container-divider d-flex justify-content-lg-center justify-content-md-center justify-content-center\" style=\"display: none;\">\n    <!---->\n  <\/div>\n  <div class=\"list-container-divider d-flex justify-content-lg-center justify-content-md-center justify-content-center last-el-spacer\"><\/div>\n<\/li>\n<\/ul>\n<\/div>\n<div data-colibri-id=\"1707-c20\" class=\"h-text h-text-component style-2306 style-local-1707-c20 position-relative h-element\">\n  <!---->\n  <!---->\n  <div class=\"\">\n    <h2>Clause n\u00b0 10 : R\u00e9clamation<\/h2>\n    <p>En cas de r\u00e9clamation concernant les prestations, l&rsquo;acheteur devra formuler toutes les r\u00e9serves n\u00e9cessaires sur le bon de commande \u00e0 l\u2019issue des prestations. Ces r\u00e9serves devront \u00eatre, en outre, confirm\u00e9es par \u00e9crit dans les cinq jours suivant la\n      fin des prestations, par courrier recommand\u00e9 AR adress\u00e9 \u00e0 la soci\u00e9t\u00e9.<\/p>\n  <\/div>\n<\/div>\n<div data-colibri-id=\"1707-c21\" class=\"h-text h-text-component style-2307 style-local-1707-c21 position-relative h-element\">\n  <!---->\n  <!---->\n  <div class=\"\">\n    <h2>Clause n\u00b0 11 : Force majeure<\/h2>\n    <p>La responsabilit\u00e9 de la soci\u00e9t\u00e9 OPEN EDGE ne pourra pas \u00eatre mise en \u0153uvre si la non-ex\u00e9cution ou le retard dans l&rsquo;ex\u00e9cution de l&rsquo;une de ses obligations d\u00e9crites dans les pr\u00e9sentes conditions g\u00e9n\u00e9rales de vente d\u00e9coule d&rsquo;un cas de force majeure. \u00c0\n      ce titre, la force majeure s&rsquo;entend de tout \u00e9v\u00e9nement ext\u00e9rieur, impr\u00e9visible et irr\u00e9sistible au sens de l&rsquo;article 1148 du Code civil.<\/p>\n  <\/div>\n<\/div>\n<div data-colibri-id=\"1707-c22\" class=\"h-text h-text-component style-2308 style-local-1707-c22 position-relative h-element\">\n  <!---->\n  <!---->\n  <div class=\"\">\n    <h2>Clause n\u00b0 12 : Tribunal comp\u00e9tent<\/h2>\n    <p>Tout litige relatif \u00e0 l&rsquo;interpr\u00e9tation et \u00e0 l&rsquo;ex\u00e9cution des pr\u00e9sentes conditions g\u00e9n\u00e9rales de vente est soumis au droit fran\u00e7ais.<\/p>\n    <p>\u00c0 d\u00e9faut de r\u00e9solution amiable, le litige sera port\u00e9 devant le Tribunal de commerce de Metz, 31 Rue du Cambout, 57000 Metz.<\/p>\n  <\/div>\n<\/div>\n<\/div>\n<\/div>\n<\/div>\n<\/div>\n<\/div>\n<\/div>\n<\/div>\n<\/div>","protected":false},"excerpt":{"rendered":"<p>APPLICABLE A COMPTER DU 02\/11\/2021 Clause N\u00b01: Objet et champ d\u2019application Les pr\u00e9sentes conditions g\u00e9n\u00e9rales de vente (CGV) constituent le socle de la n\u00e9gociation commerciale et sont syst\u00e9matiquement adress\u00e9es ou remises \u00e0 chaque acheteur pour lui permettre de passer commande. Les conditions g\u00e9n\u00e9rales de vente d\u00e9crites ci-apr\u00e8s d\u00e9taillent les droits et obligations de la soci\u00e9t\u00e9 [&hellip;]<\/p>","protected":false},"author":1,"featured_media":0,"parent":0,"menu_order":0,"comment_status":"closed","ping_status":"closed","template":"page-templates\/full-width-page.php","meta":{"footnotes":""},"class_list":["post-1707","page","type-page","status-publish","hentry"],"_links":{"self":[{"href":"https:\/\/alchimies.eu\/en\/wp-json\/wp\/v2\/pages\/1707","targetHints":{"allow":["GET"]}}],"collection":[{"href":"https:\/\/alchimies.eu\/en\/wp-json\/wp\/v2\/pages"}],"about":[{"href":"https:\/\/alchimies.eu\/en\/wp-json\/wp\/v2\/types\/page"}],"author":[{"embeddable":true,"href":"https:\/\/alchimies.eu\/en\/wp-json\/wp\/v2\/users\/1"}],"replies":[{"embeddable":true,"href":"https:\/\/alchimies.eu\/en\/wp-json\/wp\/v2\/comments?post=1707"}],"version-history":[{"count":0,"href":"https:\/\/alchimies.eu\/en\/wp-json\/wp\/v2\/pages\/1707\/revisions"}],"wp:attachment":[{"href":"https:\/\/alchimies.eu\/en\/wp-json\/wp\/v2\/media?parent=1707"}],"curies":[{"name":"wp","href":"https:\/\/api.w.org\/{rel}","templated":true}]}}